{"id":84454,"date":"2020-03-07T20:42:09","date_gmt":"2020-03-07T19:42:09","guid":{"rendered":"https:\/\/centar.erf.unizg.hr\/?page_id=84454"},"modified":"2020-04-30T17:49:03","modified_gmt":"2020-04-30T16:49:03","slug":"contact","status":"publish","type":"page","link":"https:\/\/centar.erf.unizg.hr\/en\/contact\/","title":{"rendered":"Contact"},"content":{"rendered":"<div class=\"wpb-content-wrapper\"><p>[vc_row row_height_percent=&#8221;50&#8243; override_padding=&#8221;yes&#8221; h_padding=&#8221;2&#8243; top_padding=&#8221;3&#8243; bottom_padding=&#8221;3&#8243; back_color=&#8221;color-xsdn&#8221; overlay_alpha=&#8221;55&#8243; gutter_size=&#8221;3&#8243; column_width_percent=&#8221;100&#8243; shift_y=&#8221;0&#8243; z_index=&#8221;0&#8243; enable_top_divider=&#8221;default&#8221; top_divider_inv=&#8221;curve-asym-opacity&#8221; shape_top_invert=&#8221;yes&#8221; shape_top_h_use_pixel=&#8221;&#8221; shape_top_height=&#8221;150&#8243; shape_top_color=&#8221;color-140018&#8243; shape_top_opacity=&#8221;100&#8243; shape_top_index=&#8221;0&#8243; bottom_divider=&#8221;curve-asym-opacity&#8221; medium_visibility=&#8221;yes&#8221; mobile_visibility=&#8221;yes&#8221;][vc_column column_width_percent=&#8221;100&#8243; position_vertical=&#8221;bottom&#8221; align_horizontal=&#8221;align_center&#8221; gutter_size=&#8221;1&#8243; style=&#8221;light&#8221; overlay_alpha=&#8221;50&#8243; shift_x=&#8221;0&#8243; shift_y=&#8221;0&#8243; shift_y_down=&#8221;0&#8243; z_index=&#8221;0&#8243; medium_width=&#8221;0&#8243; mobile_width=&#8221;0&#8243; zoom_width=&#8221;0&#8243; zoom_height=&#8221;0&#8243; width=&#8221;1\/3&#8243;][vc_custom_heading heading_semantic=&#8221;h1&#8243; text_font=&#8221;font-762333&#8243; text_size=&#8221;h1&#8243; text_weight=&#8221;700&#8243; text_height=&#8221;fontheight-179065&#8243; text_color=&#8221;color-wvjs&#8221; sub_lead=&#8221;yes&#8221; sub_reduced=&#8221;yes&#8221; text_uppercase=&#8221;&#8221;]Call us:[\/vc_custom_heading][vc_column_text]<\/p>\n<h2><span class=\"font-377884 font-329340\"><strong>01 245 7560<\/strong><\/span><\/h2>\n<p>[\/vc_column_text][\/vc_column][vc_column column_width_percent=&#8221;100&#8243; position_vertical=&#8221;middle&#8221; align_horizontal=&#8221;align_center&#8221; gutter_size=&#8221;3&#8243; style=&#8221;light&#8221; overlay_alpha=&#8221;50&#8243; shift_x=&#8221;0&#8243; shift_y=&#8221;0&#8243; shift_y_down=&#8221;0&#8243; z_index=&#8221;0&#8243; medium_width=&#8221;0&#8243; mobile_width=&#8221;0&#8243; width=&#8221;1\/3&#8243;][vc_custom_heading heading_semantic=&#8221;h1&#8243; text_font=&#8221;font-762333&#8243; text_size=&#8221;h1&#8243; text_weight=&#8221;700&#8243; text_height=&#8221;fontheight-179065&#8243; text_color=&#8221;color-wvjs&#8221; sub_reduced=&#8221;yes&#8221; text_uppercase=&#8221;&#8221;]<a href=\"https:\/\/centar.erf.unizg.hr\/en\/how-to-arrange-an-appointment\/\"><span style=\"text-decoration: underline;\">Arrange an appointment<\/span><\/a>[\/vc_custom_heading][\/vc_column][vc_column column_width_percent=&#8221;81&#8243; position_horizontal=&#8221;left&#8221; position_vertical=&#8221;middle&#8221; align_horizontal=&#8221;align_right&#8221; gutter_size=&#8221;3&#8243; overlay_alpha=&#8221;50&#8243; shift_x=&#8221;0&#8243; shift_y=&#8221;0&#8243; shift_y_down=&#8221;0&#8243; z_index=&#8221;0&#8243; medium_width=&#8221;0&#8243; mobile_width=&#8221;0&#8243; width=&#8221;1\/3&#8243;][vc_custom_heading heading_semantic=&#8221;h1&#8243; text_font=&#8221;font-762333&#8243; text_size=&#8221;h1&#8243; text_weight=&#8221;700&#8243; text_color=&#8221;color-uydo&#8221;]<a href=\"https:\/\/centar.erf.unizg.hr\/en\/donate\/\"><span style=\"text-decoration: underline;\">Donate<\/span><\/a>[\/vc_custom_heading][\/vc_column][\/vc_row][vc_row row_height_percent=&#8221;0&#8243; back_color=&#8221;color-xsdn&#8221; overlay_alpha=&#8221;50&#8243; gutter_size=&#8221;3&#8243; column_width_percent=&#8221;100&#8243; shift_y=&#8221;0&#8243; z_index=&#8221;0&#8243; el_id=&#8221;kontakt-forma&#8221;][vc_column column_width_percent=&#8221;100&#8243; gutter_size=&#8221;3&#8243; style=&#8221;light&#8221; overlay_alpha=&#8221;50&#8243; shift_x=&#8221;0&#8243; shift_y=&#8221;0&#8243; shift_y_down=&#8221;0&#8243; z_index=&#8221;0&#8243; align_medium=&#8221;align_left_tablet&#8221; medium_width=&#8221;7&#8243; align_mobile=&#8221;align_left_mobile&#8221; mobile_width=&#8221;7&#8243; width=&#8221;1\/2&#8243;][vc_custom_heading text_size=&#8221;h3&#8243;]SEND A MESSAGE:[\/vc_custom_heading]\n<div class=\"wpcf7 no-js\" id=\"wpcf7-f84457-o1\" lang=\"en-US\" dir=\"ltr\" data-wpcf7-id=\"84457\">\n<div class=\"screen-reader-response\"><p role=\"status\" aria-live=\"polite\" aria-atomic=\"true\"><\/p> <ul><\/ul><\/div>\n<form action=\"\/en\/wp-json\/wp\/v2\/pages\/84454#wpcf7-f84457-o1\" method=\"post\" class=\"wpcf7-form init\" aria-label=\"Contact form\" novalidate=\"novalidate\" data-status=\"init\">\n<fieldset class=\"hidden-fields-container\"><input type=\"hidden\" name=\"_wpcf7\" value=\"84457\" \/><input type=\"hidden\" name=\"_wpcf7_version\" value=\"6.1.5\" \/><input type=\"hidden\" name=\"_wpcf7_locale\" value=\"en_US\" \/><input type=\"hidden\" name=\"_wpcf7_unit_tag\" value=\"wpcf7-f84457-o1\" \/><input type=\"hidden\" name=\"_wpcf7_container_post\" value=\"0\" \/><input type=\"hidden\" name=\"_wpcf7_posted_data_hash\" value=\"\" \/><input type=\"hidden\" name=\"_wpcf7_recaptcha_response\" value=\"\" \/>\n<\/fieldset>\n<p>Full name*\n<\/p>\n<p><span class=\"wpcf7-form-control-wrap\" data-name=\"your-name\"><input size=\"40\" maxlength=\"400\" class=\"wpcf7-form-control wpcf7-text wpcf7-validates-as-required form-fluid\" aria-required=\"true\" aria-invalid=\"false\" value=\"\" type=\"text\" name=\"your-name\" \/><\/span>\n<\/p>\n<p>e-mail*\n<\/p>\n<p><span class=\"wpcf7-form-control-wrap\" data-name=\"your-email\"><input size=\"40\" maxlength=\"400\" class=\"wpcf7-form-control wpcf7-email wpcf7-validates-as-required wpcf7-text wpcf7-validates-as-email form-fluid\" aria-required=\"true\" aria-invalid=\"false\" value=\"\" type=\"email\" name=\"your-email\" \/><\/span>\n<\/p>\n<p>Subject*\n<\/p>\n<p><span class=\"wpcf7-form-control-wrap\" data-name=\"your-subject\"><input size=\"40\" maxlength=\"400\" class=\"wpcf7-form-control wpcf7-text wpcf7-validates-as-required\" aria-required=\"true\" aria-invalid=\"false\" value=\"\" type=\"text\" name=\"your-subject\" \/><\/span>\n<\/p>\n<p>Message*\n<\/p>\n<p><span class=\"wpcf7-form-control-wrap\" data-name=\"your-message\"><textarea cols=\"40\" rows=\"8\" maxlength=\"2000\" class=\"wpcf7-form-control wpcf7-textarea\" aria-invalid=\"false\" name=\"your-message\"><\/textarea><\/span>\n<\/p>\n<p><span class=\"wpcf7-form-control-wrap\" data-name=\"acceptance-512\"><span class=\"wpcf7-form-control wpcf7-acceptance optional\"><span class=\"wpcf7-list-item\"><label><input type=\"checkbox\" name=\"acceptance-512\" value=\"1\" aria-invalid=\"false\" \/><span class=\"wpcf7-list-item-label\">I consent to having this website store my submitted information so they can respond to my inquiry.<\/span><\/label><\/span><\/span><\/span>\n<\/p>\n<p><input class=\"wpcf7-form-control wpcf7-submit has-spinner btn btn-accent btn-med btn-round btn-shadow\" type=\"submit\" value=\"Send\" \/>\n<\/p><div class=\"wpcf7-response-output\" aria-hidden=\"true\"><\/div>\n<\/form>\n<\/div>\n[\/vc_column][vc_column column_width_percent=&#8221;100&#8243; position_horizontal=&#8221;right&#8221; align_horizontal=&#8221;align_center&#8221; gutter_size=&#8221;2&#8243; style=&#8221;light&#8221; overlay_alpha=&#8221;50&#8243; shift_x=&#8221;0&#8243; shift_y=&#8221;0&#8243; shift_y_down=&#8221;0&#8243; z_index=&#8221;0&#8243; align_medium=&#8221;align_center_tablet&#8221; medium_width=&#8221;7&#8243; align_mobile=&#8221;align_center_mobile&#8221; mobile_width=&#8221;7&#8243; width=&#8221;1\/2&#8243;][vc_custom_heading text_font=&#8221;font-762333&#8243; text_size=&#8221;h4&#8243; text_transform=&#8221;uppercase&#8221; text_color=&#8221;color-wvjs&#8221; medium_visibility=&#8221;yes&#8221; mobile_visibility=&#8221;yes&#8221; text_align=&#8221;text-left&#8221; text_uppercase=&#8221;&#8221;]Contact Information[\/vc_custom_heading][vc_empty_space empty_h=&#8221;2&#8243;][vc_icon icon=&#8221;fa fa-map-marker2&#8243; size=&#8221;fa-3x&#8221;]<\/p>\n<p class=\"h6\">University of Zagreb<br \/>\nFaculty of Education and Rehabilitation Sciences<br \/>\n<strong>Center for Rehabilitation<br \/>\n<\/strong><\/p>\n<p class=\"h6\">University Campus Borongaj<br \/>\nBorongajska cesta 83f<br \/>\n10000 Zagreb, Croatia<\/p>\n<p>&nbsp;[\/vc_icon][vc_empty_space empty_h=&#8221;2&#8243;][vc_icon icon=&#8221;fa fa-phone2&#8243; size=&#8221;fa-3x&#8221; text_lead=&#8221;yes&#8221;]<strong>01 245 7560<\/strong><\/p>\n<p><strong>Contact by phone available:<\/strong><\/p>\n<ul class=\"text-large \">\n<li>Mondays and Thursdays: 3pm &#8211; 5pm<\/li>\n<li>Tuesdays, Wednesdays and Fridays: 8am &#8211; 10am<\/li>\n<\/ul>\n<p>[\/vc_icon][vc_icon icon=&#8221;fa fa-envelope2&#8243; size=&#8221;fa-3x&#8221;]<a href=\"mailto:centar.info@erf.hr\"><strong>centar.info@erf.hr<\/strong><\/a>[\/vc_icon][vc_empty_space empty_h=&#8221;2&#8243;][vc_button button_color=&#8221;color-764752&#8243; radius=&#8221;btn-round&#8221; shadow=&#8221;yes&#8221; border_width=&#8221;0&#8243; link=&#8221;url:https%3A%2F%2Fcentar.erf.unizg.hr%2Fen%2Fhow-to-arrange-an-appointment%2F|title:How%20to%20arrange%20an%20appointment||&#8221;]How to arrange an appointment[\/vc_button][\/vc_column][\/vc_row][vc_row row_height_percent=&#8221;100&#8243; override_padding=&#8221;yes&#8221; h_padding=&#8221;2&#8243; top_padding=&#8221;3&#8243; bottom_padding=&#8221;3&#8243; back_color=&#8221;color-xsdn&#8221; overlay_alpha=&#8221;100&#8243; gutter_size=&#8221;3&#8243; column_width_percent=&#8221;100&#8243; shift_y=&#8221;0&#8243; z_index=&#8221;0&#8243; el_id=&#8221;kako-do-nas&#8221;][vc_column column_width_percent=&#8221;90&#8243; position_horizontal=&#8221;left&#8221; position_vertical=&#8221;bottom&#8221; gutter_size=&#8221;2&#8243; style=&#8221;light&#8221; overlay_alpha=&#8221;100&#8243; shift_x=&#8221;0&#8243; shift_y=&#8221;0&#8243; shift_y_down=&#8221;0&#8243; z_index=&#8221;0&#8243; medium_width=&#8221;5&#8243; mobile_width=&#8221;0&#8243; zoom_width=&#8221;0&#8243; zoom_height=&#8221;0&#8243; width=&#8221;1\/2&#8243;][vc_custom_heading text_font=&#8221;font-762333&#8243; text_transform=&#8221;capitalize&#8221; text_color=&#8221;color-wvjs&#8221; text_align=&#8221;text-left&#8221; text_uppercase=&#8221;&#8221;]OUR LOCATION[\/vc_custom_heading][vc_separator][vc_column_text]<\/p>\n<div><strong>Public transport<\/strong><\/div>\n<ul>\n<li>tram lines 2, 3, 13 from the direction of the main square &#8211; Vukovarska street, get off at the tram station \u010cavi\u0107eva (one tram stop before final stop \u017ditnjak)<\/li>\n<\/ul>\n<p>or<\/p>\n<ul>\n<li>bus line 236 from \u010cavi\u0107eva to the Campus from Kvaternikov square, get off in the main porte Campus and then bus line 236 \u010cavi\u0107eva &#8211; Campus Borongaj<\/li>\n<li>bus line 215 od Kvaternikov square to bus stop Savudrijska<\/li>\n<\/ul>\n<p><strong>By car<br \/>\n<\/strong><\/p>\n<ul>\n<li>from the west &#8211; the Vukovarska and \u010cavi\u0107eva street to street Vukomerec Savudrijska turn in the street and the entrance to the Campus<\/li>\n<li>from the east &#8211; street Vukomerec to Savudrijska street and the entrance to the Campus of the Centre for Rehabilitation<\/li>\n<\/ul>\n<p>[\/vc_column_text][\/vc_column][vc_column column_width_percent=&#8221;100&#8243; position_horizontal=&#8221;right&#8221; position_vertical=&#8221;middle&#8221; gutter_size=&#8221;3&#8243; overlay_alpha=&#8221;100&#8243; shift_x=&#8221;0&#8243; shift_y=&#8221;0&#8243; shift_y_down=&#8221;0&#8243; z_index=&#8221;0&#8243; medium_width=&#8221;3&#8243; mobile_width=&#8221;0&#8243; zoom_width=&#8221;0&#8243; zoom_height=&#8221;0&#8243; width=&#8221;1\/2&#8243;][vc_separator][vc_raw_html]JTNDaWZyYW1lJTIwc3JjJTNEJTIyaHR0cHMlM0ElMkYlMkZ3d3cuZ29vZ2xlLmNvbSUyRm1hcHMlMkZkJTJGZW1iZWQlM0ZtaWQlM0Qxc1JlSW56NzNpUHhKdTViSnU4c0VOZE5pOFJJJTI2aGwlM0RlbiUyMiUyMHdpZHRoJTNEJTIyNjQwJTIyJTIwaGVpZ2h0JTNEJTIyNDgwJTIyJTNFJTNDJTJGaWZyYW1lJTNF[\/vc_raw_html][\/vc_column][\/vc_row]<\/p>\n<\/div>","protected":false},"excerpt":{"rendered":"<p>[vc_row row_height_percent=&#8221;50&#8243; override_padding=&#8221;yes&#8221; h_padding=&#8221;2&#8243; top_padding=&#8221;3&#8243; bottom_padding=&#8221;3&#8243; back_color=&#8221;color-xsdn&#8221; overlay_alpha=&#8221;55&#8243; gutter_size=&#8221;3&#8243; column_width_percent=&#8221;100&#8243; shift_y=&#8221;0&#8243; z_index=&#8221;0&#8243; enable_top_divider=&#8221;default&#8221; top_divider_inv=&#8221;curve-asym-opacity&#8221; shape_top_invert=&#8221;yes&#8221; shape_top_h_use_pixel=&#8221;&#8221; shape_top_height=&#8221;150&#8243; shape_top_color=&#8221;color-140018&#8243; shape_top_opacity=&#8221;100&#8243; shape_top_index=&#8221;0&#8243; [&hellip;]<\/p>\n","protected":false},"author":1,"featured_media":85069,"parent":0,"menu_order":0,"comment_status":"closed","ping_status":"closed","template":"","meta":{"footnotes":""},"class_list":["post-84454","page","type-page","status-publish","has-post-thumbnail","hentry"],"yoast_head":"<!-- This site is optimized with the Yoast SEO plugin v27.3 - https:\/\/yoast.com\/product\/yoast-seo-wordpress\/ -->\n<title>Contact<\/title>\n<meta name=\"robots\" content=\"index, follow, max-snippet:-1, max-image-preview:large, max-video-preview:-1\" \/>\n<link rel=\"canonical\" href=\"https:\/\/centar.erf.unizg.hr\/en\/contact\/\" \/>\n<meta property=\"og:locale\" content=\"en_US\" \/>\n<meta property=\"og:type\" content=\"article\" \/>\n<meta property=\"og:title\" content=\"Contact\" \/>\n<meta property=\"og:description\" content=\"[vc_row row_height_percent=&#8221;50&#8243; override_padding=&#8221;yes&#8221; h_padding=&#8221;2&#8243; top_padding=&#8221;3&#8243; bottom_padding=&#8221;3&#8243; back_color=&#8221;color-xsdn&#8221; overlay_alpha=&#8221;55&#8243; gutter_size=&#8221;3&#8243; column_width_percent=&#8221;100&#8243; shift_y=&#8221;0&#8243; z_index=&#8221;0&#8243; enable_top_divider=&#8221;default&#8221; top_divider_inv=&#8221;curve-asym-opacity&#8221; shape_top_invert=&#8221;yes&#8221; shape_top_h_use_pixel=&#8221;&#8221; shape_top_height=&#8221;150&#8243; shape_top_color=&#8221;color-140018&#8243; shape_top_opacity=&#8221;100&#8243; shape_top_index=&#8221;0&#8243; [&hellip;]\" \/>\n<meta property=\"og:url\" content=\"https:\/\/centar.erf.unizg.hr\/en\/contact\/\" \/>\n<meta property=\"og:site_name\" content=\"Nastavno-klini\u010dki centar Edukacijsko-rehabilitacijskog fakulteta Sveu\u010dili\u0161ta u Zagrebu\" \/>\n<meta property=\"article:publisher\" content=\"https:\/\/www.facebook.com\/nkcerf\" \/>\n<meta property=\"article:modified_time\" content=\"2020-04-30T16:49:03+00:00\" \/>\n<meta property=\"og:image\" content=\"https:\/\/centar.erf.unizg.hr\/wp-content\/uploads\/2020\/04\/CZR.png\" \/>\n\t<meta property=\"og:image:width\" content=\"472\" \/>\n\t<meta property=\"og:image:height\" content=\"472\" \/>\n\t<meta property=\"og:image:type\" content=\"image\/png\" \/>\n<meta name=\"twitter:card\" content=\"summary_large_image\" \/>\n<meta name=\"twitter:label1\" content=\"Est. reading time\" \/>\n\t<meta name=\"twitter:data1\" content=\"4 minutes\" \/>\n<script type=\"application\/ld+json\" class=\"yoast-schema-graph\">{\"@context\":\"https:\\\/\\\/schema.org\",\"@graph\":[{\"@type\":\"WebPage\",\"@id\":\"https:\\\/\\\/centar.erf.unizg.hr\\\/en\\\/contact\\\/\",\"url\":\"https:\\\/\\\/centar.erf.unizg.hr\\\/en\\\/contact\\\/\",\"name\":\"Contact\",\"isPartOf\":{\"@id\":\"https:\\\/\\\/centar.erf.unizg.hr\\\/#website\"},\"primaryImageOfPage\":{\"@id\":\"https:\\\/\\\/centar.erf.unizg.hr\\\/en\\\/contact\\\/#primaryimage\"},\"image\":{\"@id\":\"https:\\\/\\\/centar.erf.unizg.hr\\\/en\\\/contact\\\/#primaryimage\"},\"thumbnailUrl\":\"https:\\\/\\\/centar.erf.unizg.hr\\\/wp-content\\\/uploads\\\/2020\\\/04\\\/CZR.png\",\"datePublished\":\"2020-03-07T19:42:09+00:00\",\"dateModified\":\"2020-04-30T16:49:03+00:00\",\"breadcrumb\":{\"@id\":\"https:\\\/\\\/centar.erf.unizg.hr\\\/en\\\/contact\\\/#breadcrumb\"},\"inLanguage\":\"en-US\",\"potentialAction\":[{\"@type\":\"ReadAction\",\"target\":[\"https:\\\/\\\/centar.erf.unizg.hr\\\/en\\\/contact\\\/\"]}]},{\"@type\":\"ImageObject\",\"inLanguage\":\"en-US\",\"@id\":\"https:\\\/\\\/centar.erf.unizg.hr\\\/en\\\/contact\\\/#primaryimage\",\"url\":\"https:\\\/\\\/centar.erf.unizg.hr\\\/wp-content\\\/uploads\\\/2020\\\/04\\\/CZR.png\",\"contentUrl\":\"https:\\\/\\\/centar.erf.unizg.hr\\\/wp-content\\\/uploads\\\/2020\\\/04\\\/CZR.png\",\"width\":472,\"height\":472,\"caption\":\"Centar za rehabilitaciju ERF-a\"},{\"@type\":\"BreadcrumbList\",\"@id\":\"https:\\\/\\\/centar.erf.unizg.hr\\\/en\\\/contact\\\/#breadcrumb\",\"itemListElement\":[{\"@type\":\"ListItem\",\"position\":1,\"name\":\"Naslovnica\",\"item\":\"https:\\\/\\\/centar.erf.unizg.hr\\\/en\\\/\"},{\"@type\":\"ListItem\",\"position\":2,\"name\":\"Contact\"}]},{\"@type\":\"WebSite\",\"@id\":\"https:\\\/\\\/centar.erf.unizg.hr\\\/#website\",\"url\":\"https:\\\/\\\/centar.erf.unizg.hr\\\/\",\"name\":\"Nastavno-klini\u010dki centar Edukacijsko-rehabilitacijskog fakulteta\",\"description\":\"Nastavno-klini\u010dki centar ERF-a\",\"publisher\":{\"@id\":\"https:\\\/\\\/centar.erf.unizg.hr\\\/#organization\"},\"alternateName\":\"Nastavno-klini\u010dki centar ERF-a\",\"potentialAction\":[{\"@type\":\"SearchAction\",\"target\":{\"@type\":\"EntryPoint\",\"urlTemplate\":\"https:\\\/\\\/centar.erf.unizg.hr\\\/?s={search_term_string}\"},\"query-input\":{\"@type\":\"PropertyValueSpecification\",\"valueRequired\":true,\"valueName\":\"search_term_string\"}}],\"inLanguage\":\"en-US\"},{\"@type\":\"Organization\",\"@id\":\"https:\\\/\\\/centar.erf.unizg.hr\\\/#organization\",\"name\":\"Nastavno-klini\u010dki centar Edukacijsko-rehabilitacijskog fakulteta Sveu\u010dili\u0161ta u Zagrebu\",\"alternateName\":\"Nastavno-klini\u010dki centar ERF-a\",\"url\":\"https:\\\/\\\/centar.erf.unizg.hr\\\/\",\"logo\":{\"@type\":\"ImageObject\",\"inLanguage\":\"en-US\",\"@id\":\"https:\\\/\\\/centar.erf.unizg.hr\\\/#\\\/schema\\\/logo\\\/image\\\/\",\"url\":\"https:\\\/\\\/centar.erf.unizg.hr\\\/wp-content\\\/uploads\\\/2019\\\/12\\\/CZR-e1576311147972.png\",\"contentUrl\":\"https:\\\/\\\/centar.erf.unizg.hr\\\/wp-content\\\/uploads\\\/2019\\\/12\\\/CZR-e1576311147972.png\",\"width\":50,\"height\":50,\"caption\":\"Nastavno-klini\u010dki centar Edukacijsko-rehabilitacijskog fakulteta Sveu\u010dili\u0161ta u Zagrebu\"},\"image\":{\"@id\":\"https:\\\/\\\/centar.erf.unizg.hr\\\/#\\\/schema\\\/logo\\\/image\\\/\"},\"sameAs\":[\"https:\\\/\\\/www.facebook.com\\\/nkcerf\"]}]}<\/script>\n<!-- \/ Yoast SEO plugin. -->","yoast_head_json":{"title":"Contact","robots":{"index":"index","follow":"follow","max-snippet":"max-snippet:-1","max-image-preview":"max-image-preview:large","max-video-preview":"max-video-preview:-1"},"canonical":"https:\/\/centar.erf.unizg.hr\/en\/contact\/","og_locale":"en_US","og_type":"article","og_title":"Contact","og_description":"[vc_row row_height_percent=&#8221;50&#8243; override_padding=&#8221;yes&#8221; h_padding=&#8221;2&#8243; top_padding=&#8221;3&#8243; bottom_padding=&#8221;3&#8243; back_color=&#8221;color-xsdn&#8221; overlay_alpha=&#8221;55&#8243; gutter_size=&#8221;3&#8243; column_width_percent=&#8221;100&#8243; shift_y=&#8221;0&#8243; z_index=&#8221;0&#8243; enable_top_divider=&#8221;default&#8221; top_divider_inv=&#8221;curve-asym-opacity&#8221; shape_top_invert=&#8221;yes&#8221; shape_top_h_use_pixel=&#8221;&#8221; shape_top_height=&#8221;150&#8243; shape_top_color=&#8221;color-140018&#8243; shape_top_opacity=&#8221;100&#8243; shape_top_index=&#8221;0&#8243; [&hellip;]","og_url":"https:\/\/centar.erf.unizg.hr\/en\/contact\/","og_site_name":"Nastavno-klini\u010dki centar Edukacijsko-rehabilitacijskog fakulteta Sveu\u010dili\u0161ta u Zagrebu","article_publisher":"https:\/\/www.facebook.com\/nkcerf","article_modified_time":"2020-04-30T16:49:03+00:00","og_image":[{"width":472,"height":472,"url":"https:\/\/centar.erf.unizg.hr\/wp-content\/uploads\/2020\/04\/CZR.png","type":"image\/png"}],"twitter_card":"summary_large_image","twitter_misc":{"Est. reading time":"4 minutes"},"schema":{"@context":"https:\/\/schema.org","@graph":[{"@type":"WebPage","@id":"https:\/\/centar.erf.unizg.hr\/en\/contact\/","url":"https:\/\/centar.erf.unizg.hr\/en\/contact\/","name":"Contact","isPartOf":{"@id":"https:\/\/centar.erf.unizg.hr\/#website"},"primaryImageOfPage":{"@id":"https:\/\/centar.erf.unizg.hr\/en\/contact\/#primaryimage"},"image":{"@id":"https:\/\/centar.erf.unizg.hr\/en\/contact\/#primaryimage"},"thumbnailUrl":"https:\/\/centar.erf.unizg.hr\/wp-content\/uploads\/2020\/04\/CZR.png","datePublished":"2020-03-07T19:42:09+00:00","dateModified":"2020-04-30T16:49:03+00:00","breadcrumb":{"@id":"https:\/\/centar.erf.unizg.hr\/en\/contact\/#breadcrumb"},"inLanguage":"en-US","potentialAction":[{"@type":"ReadAction","target":["https:\/\/centar.erf.unizg.hr\/en\/contact\/"]}]},{"@type":"ImageObject","inLanguage":"en-US","@id":"https:\/\/centar.erf.unizg.hr\/en\/contact\/#primaryimage","url":"https:\/\/centar.erf.unizg.hr\/wp-content\/uploads\/2020\/04\/CZR.png","contentUrl":"https:\/\/centar.erf.unizg.hr\/wp-content\/uploads\/2020\/04\/CZR.png","width":472,"height":472,"caption":"Centar za rehabilitaciju ERF-a"},{"@type":"BreadcrumbList","@id":"https:\/\/centar.erf.unizg.hr\/en\/contact\/#breadcrumb","itemListElement":[{"@type":"ListItem","position":1,"name":"Naslovnica","item":"https:\/\/centar.erf.unizg.hr\/en\/"},{"@type":"ListItem","position":2,"name":"Contact"}]},{"@type":"WebSite","@id":"https:\/\/centar.erf.unizg.hr\/#website","url":"https:\/\/centar.erf.unizg.hr\/","name":"Nastavno-klini\u010dki centar Edukacijsko-rehabilitacijskog fakulteta","description":"Nastavno-klini\u010dki centar ERF-a","publisher":{"@id":"https:\/\/centar.erf.unizg.hr\/#organization"},"alternateName":"Nastavno-klini\u010dki centar ERF-a","potentialAction":[{"@type":"SearchAction","target":{"@type":"EntryPoint","urlTemplate":"https:\/\/centar.erf.unizg.hr\/?s={search_term_string}"},"query-input":{"@type":"PropertyValueSpecification","valueRequired":true,"valueName":"search_term_string"}}],"inLanguage":"en-US"},{"@type":"Organization","@id":"https:\/\/centar.erf.unizg.hr\/#organization","name":"Nastavno-klini\u010dki centar Edukacijsko-rehabilitacijskog fakulteta Sveu\u010dili\u0161ta u Zagrebu","alternateName":"Nastavno-klini\u010dki centar ERF-a","url":"https:\/\/centar.erf.unizg.hr\/","logo":{"@type":"ImageObject","inLanguage":"en-US","@id":"https:\/\/centar.erf.unizg.hr\/#\/schema\/logo\/image\/","url":"https:\/\/centar.erf.unizg.hr\/wp-content\/uploads\/2019\/12\/CZR-e1576311147972.png","contentUrl":"https:\/\/centar.erf.unizg.hr\/wp-content\/uploads\/2019\/12\/CZR-e1576311147972.png","width":50,"height":50,"caption":"Nastavno-klini\u010dki centar Edukacijsko-rehabilitacijskog fakulteta Sveu\u010dili\u0161ta u Zagrebu"},"image":{"@id":"https:\/\/centar.erf.unizg.hr\/#\/schema\/logo\/image\/"},"sameAs":["https:\/\/www.facebook.com\/nkcerf"]}]}},"_links":{"self":[{"href":"https:\/\/centar.erf.unizg.hr\/en\/wp-json\/wp\/v2\/pages\/84454","targetHints":{"allow":["GET"]}}],"collection":[{"href":"https:\/\/centar.erf.unizg.hr\/en\/wp-json\/wp\/v2\/pages"}],"about":[{"href":"https:\/\/centar.erf.unizg.hr\/en\/wp-json\/wp\/v2\/types\/page"}],"author":[{"embeddable":true,"href":"https:\/\/centar.erf.unizg.hr\/en\/wp-json\/wp\/v2\/users\/1"}],"replies":[{"embeddable":true,"href":"https:\/\/centar.erf.unizg.hr\/en\/wp-json\/wp\/v2\/comments?post=84454"}],"version-history":[{"count":13,"href":"https:\/\/centar.erf.unizg.hr\/en\/wp-json\/wp\/v2\/pages\/84454\/revisions"}],"predecessor-version":[{"id":85075,"href":"https:\/\/centar.erf.unizg.hr\/en\/wp-json\/wp\/v2\/pages\/84454\/revisions\/85075"}],"wp:featuredmedia":[{"embeddable":true,"href":"https:\/\/centar.erf.unizg.hr\/en\/wp-json\/wp\/v2\/media\/85069"}],"wp:attachment":[{"href":"https:\/\/centar.erf.unizg.hr\/en\/wp-json\/wp\/v2\/media?parent=84454"}],"curies":[{"name":"wp","href":"https:\/\/api.w.org\/{rel}","templated":true}]}}