{"id":84443,"date":"2020-03-07T19:46:42","date_gmt":"2020-03-07T18:46:42","guid":{"rendered":"https:\/\/centar.erf.unizg.hr\/?page_id=84443"},"modified":"2020-03-07T21:26:52","modified_gmt":"2020-03-07T20:26:52","slug":"how-to-arrange-an-appointment","status":"publish","type":"page","link":"https:\/\/centar.erf.unizg.hr\/en\/how-to-arrange-an-appointment\/","title":{"rendered":"How to arrange an appointment?"},"content":{"rendered":"<div class=\"wpb-content-wrapper\"><p>[vc_row unlock_row_content=&#8221;yes&#8221; row_height_percent=&#8221;0&#8243; override_padding=&#8221;yes&#8221; h_padding=&#8221;0&#8243; top_padding=&#8221;0&#8243; bottom_padding=&#8221;0&#8243; overlay_alpha=&#8221;90&#8243; equal_height=&#8221;yes&#8221; gutter_size=&#8221;0&#8243; column_width_percent=&#8221;100&#8243; shift_y=&#8221;0&#8243; z_index=&#8221;0&#8243; enable_top_divider=&#8221;default&#8221; top_divider_inv=&#8221;curve-asym-opacity&#8221; shape_top_invert=&#8221;yes&#8221; shape_top_h_use_pixel=&#8221;&#8221; shape_top_height=&#8221;150&#8243; shape_top_color=&#8221;color-823704&#8243; shape_top_opacity=&#8221;100&#8243; shape_top_index=&#8221;0&#8243;][vc_column column_width_percent=&#8221;100&#8243; align_horizontal=&#8221;align_center&#8221; gutter_size=&#8221;3&#8243; override_padding=&#8221;yes&#8221; column_padding=&#8221;5&#8243; overlay_alpha=&#8221;50&#8243; shift_x=&#8221;0&#8243; shift_y=&#8221;0&#8243; shift_y_down=&#8221;0&#8243; z_index=&#8221;0&#8243; medium_width=&#8221;0&#8243; align_mobile=&#8221;align_left_mobile&#8221; mobile_width=&#8221;0&#8243; width=&#8221;1\/1&#8243;][vc_empty_space empty_h=&#8221;1&#8243;][vc_custom_heading heading_semantic=&#8221;h1&#8243; text_size=&#8221;h1&#8243;]The term for assessment, counseling, treatment or therapy, an individual can be arranged by phone or e-mail:[\/vc_custom_heading][vc_row_inner row_inner_height_percent=&#8221;0&#8243; overlay_alpha=&#8221;50&#8243; gutter_size=&#8221;3&#8243; shift_y=&#8221;0&#8243; z_index=&#8221;0&#8243; limit_content=&#8221;&#8221;][vc_column_inner column_width_percent=&#8221;70&#8243; position_horizontal=&#8221;right&#8221; position_vertical=&#8221;middle&#8221; align_horizontal=&#8221;align_center&#8221; gutter_size=&#8221;3&#8243; overlay_alpha=&#8221;50&#8243; shift_x=&#8221;0&#8243; shift_y=&#8221;0&#8243; shift_y_down=&#8221;0&#8243; z_index=&#8221;0&#8243; medium_width=&#8221;0&#8243; mobile_width=&#8221;0&#8243; width=&#8221;1\/2&#8243;][vc_icon icon=&#8221;fa fa-phone-handset&#8221; icon_color=&#8221;color-764752&#8243; size=&#8221;fa-3x&#8221; text_font=&#8221;font-329340&#8243; title=&#8221;+385 1 2457 560&#8243;][\/vc_icon][\/vc_column_inner][vc_column_inner column_width_percent=&#8221;70&#8243; position_horizontal=&#8221;left&#8221; position_vertical=&#8221;middle&#8221; align_horizontal=&#8221;align_center&#8221; gutter_size=&#8221;3&#8243; overlay_alpha=&#8221;50&#8243; shift_x=&#8221;0&#8243; shift_y=&#8221;0&#8243; shift_y_down=&#8221;0&#8243; z_index=&#8221;0&#8243; medium_width=&#8221;0&#8243; mobile_width=&#8221;0&#8243; width=&#8221;1\/2&#8243;][vc_icon icon=&#8221;fa fa-envelope3&#8243; icon_color=&#8221;color-764752&#8243; size=&#8221;fa-3x&#8221; text_font=&#8221;font-329340&#8243;]<\/p>\n<h3><strong><a href=\"mailto:centar.info@erf.hr\">centar.info@erf.hr<\/a><\/strong><\/h3>\n<p>[\/vc_icon][\/vc_column_inner][\/vc_row_inner][vc_row_inner limit_content=&#8221;&#8221;][vc_column_inner column_width_percent=&#8221;37&#8243; gutter_size=&#8221;3&#8243; overlay_alpha=&#8221;50&#8243; shift_x=&#8221;0&#8243; shift_y=&#8221;0&#8243; shift_y_down=&#8221;0&#8243; z_index=&#8221;0&#8243; align_medium=&#8221;align_center_tablet&#8221; medium_width=&#8221;0&#8243; mobile_width=&#8221;0&#8243; width=&#8221;1\/1&#8243;][uncode_list larger=&#8221;yes&#8221;]<\/p>\n<ul>\n<li><strong>Mondays and Thursdays: 3pm &#8211; 5pm<br \/>\n<\/strong><\/li>\n<li><strong>Tuesdays, Wednesdays and Fridays: 8am &#8211; 10am<br \/>\n<\/strong><\/li>\n<\/ul>\n<p>[\/uncode_list][\/vc_column_inner][\/vc_row_inner][vc_empty_space empty_h=&#8221;2&#8243;][vc_row_inner row_inner_height_percent=&#8221;0&#8243; back_color=&#8221;color-lxmt&#8221; overlay_alpha=&#8221;50&#8243; gutter_size=&#8221;3&#8243; shift_y=&#8221;0&#8243; z_index=&#8221;0&#8243; limit_content=&#8221;&#8221;][vc_column_inner column_width_percent=&#8221;60&#8243; gutter_size=&#8221;3&#8243; overlay_alpha=&#8221;50&#8243; shift_x=&#8221;0&#8243; shift_y=&#8221;0&#8243; shift_y_down=&#8221;0&#8243; z_index=&#8221;0&#8243; medium_width=&#8221;0&#8243; align_mobile=&#8221;align_left_mobile&#8221; mobile_width=&#8221;0&#8243; width=&#8221;1\/1&#8243;][vc_icon position=&#8221;left&#8221; display=&#8221;inline&#8221; icon=&#8221;fa fa-hand-o-right&#8221; icon_color=&#8221;color-764752&#8243; size=&#8221;fa-3x&#8221; text_font=&#8221;font-329340&#8243; title=&#8221;To obtain a term in the Center a referral is not necessary.&#8221;][\/vc_icon][\/vc_column_inner][\/vc_row_inner][vc_row_inner limit_content=&#8221;&#8221;][vc_column_inner column_width_percent=&#8221;100&#8243; position_vertical=&#8221;middle&#8221; align_horizontal=&#8221;align_center&#8221; gutter_size=&#8221;3&#8243; overlay_alpha=&#8221;50&#8243; shift_x=&#8221;0&#8243; shift_y=&#8221;0&#8243; shift_y_down=&#8221;0&#8243; z_index=&#8221;0&#8243; align_medium=&#8221;align_left_tablet&#8221; medium_width=&#8221;0&#8243; mobile_width=&#8221;0&#8243; width=&#8221;1\/1&#8243;][vc_empty_space empty_h=&#8221;0&#8243;][vc_custom_heading heading_semantic=&#8221;h3&#8243; text_font=&#8221;font-329340&#8243; text_size=&#8221;h3&#8243;]At the first arrival one should bring:[\/vc_custom_heading][\/vc_column_inner][\/vc_row_inner][vc_row_inner limit_content=&#8221;&#8221;][vc_column_inner column_width_percent=&#8221;28&#8243; align_horizontal=&#8221;align_center&#8221; gutter_size=&#8221;3&#8243; overlay_alpha=&#8221;50&#8243; shift_x=&#8221;0&#8243; shift_y=&#8221;0&#8243; shift_y_down=&#8221;0&#8243; z_index=&#8221;0&#8243; align_medium=&#8221;align_left_tablet&#8221; medium_width=&#8221;0&#8243; mobile_width=&#8221;0&#8243; width=&#8221;1\/1&#8243;][vc_column_text text_lead=&#8221;yes&#8221;]<\/p>\n<ul>\n<li>\n<h5 style=\"text-align: left;\"><span class=\"font-329340\">all existing medical records<\/span><\/h5>\n<\/li>\n<li>\n<h5 style=\"text-align: left;\"><span class=\"font-329340\">the findings and opinions of other experts<\/span><\/h5>\n<\/li>\n<\/ul>\n<p>[\/vc_column_text][vc_empty_space empty_h=&#8221;2&#8243;][\/vc_column_inner][\/vc_row_inner][vc_custom_heading heading_semantic=&#8221;h3&#8243; text_font=&#8221;font-762333&#8243; text_weight=&#8221;400&#8243; text_height=&#8221;fontheight-179065&#8243; sub_reduced=&#8221;yes&#8221; text_uppercase=&#8221;&#8221;]For more information feel free to contact us:[\/vc_custom_heading][vc_row_inner row_inner_height_percent=&#8221;0&#8243; back_color=&#8221;color-lxmt&#8221; overlay_color=&#8221;color-gyho&#8221; overlay_alpha=&#8221;50&#8243; gutter_size=&#8221;3&#8243; shift_y=&#8221;0&#8243; z_index=&#8221;0&#8243; limit_content=&#8221;&#8221;][vc_column_inner column_width_percent=&#8221;60&#8243; position_vertical=&#8221;middle&#8221; gutter_size=&#8221;3&#8243; overlay_alpha=&#8221;50&#8243; shift_x=&#8221;0&#8243; shift_y=&#8221;0&#8243; shift_y_down=&#8221;0&#8243; z_index=&#8221;0&#8243; medium_width=&#8221;0&#8243; mobile_width=&#8221;0&#8243; width=&#8221;1\/1&#8243;]\n<div class=\"wpcf7 no-js\" id=\"wpcf7-f84450-o1\" lang=\"en-US\" dir=\"ltr\" data-wpcf7-id=\"84450\">\n<div class=\"screen-reader-response\"><p role=\"status\" aria-live=\"polite\" aria-atomic=\"true\"><\/p> <ul><\/ul><\/div>\n<form action=\"\/en\/wp-json\/wp\/v2\/pages\/84443#wpcf7-f84450-o1\" method=\"post\" class=\"wpcf7-form init\" aria-label=\"Contact form\" enctype=\"multipart\/form-data\" novalidate=\"novalidate\" data-status=\"init\">\n<fieldset class=\"hidden-fields-container\"><input type=\"hidden\" name=\"_wpcf7\" value=\"84450\" \/><input type=\"hidden\" name=\"_wpcf7_version\" value=\"6.1.5\" \/><input type=\"hidden\" name=\"_wpcf7_locale\" value=\"en_US\" \/><input type=\"hidden\" name=\"_wpcf7_unit_tag\" value=\"wpcf7-f84450-o1\" \/><input type=\"hidden\" name=\"_wpcf7_container_post\" value=\"0\" \/><input type=\"hidden\" name=\"_wpcf7_posted_data_hash\" value=\"\" \/><input type=\"hidden\" name=\"_wpcf7_recaptcha_response\" value=\"\" \/>\n<\/fieldset>\n<p>Full name*\n<\/p>\n<p><span class=\"wpcf7-form-control-wrap\" data-name=\"your-name\"><input size=\"40\" maxlength=\"400\" class=\"wpcf7-form-control wpcf7-text wpcf7-validates-as-required form-fluid\" aria-required=\"true\" aria-invalid=\"false\" value=\"\" type=\"text\" name=\"your-name\" \/><\/span>\n<\/p>\n<p>e-mail*\n<\/p>\n<p><span class=\"wpcf7-form-control-wrap\" data-name=\"your-email\"><input size=\"40\" maxlength=\"400\" class=\"wpcf7-form-control wpcf7-email wpcf7-validates-as-required wpcf7-text wpcf7-validates-as-email form-fluid\" aria-required=\"true\" aria-invalid=\"false\" value=\"\" type=\"email\" name=\"your-email\" \/><\/span>\n<\/p>\n<p>Subject*\n<\/p>\n<p><span class=\"wpcf7-form-control-wrap\" data-name=\"your-subject\"><input size=\"40\" maxlength=\"400\" class=\"wpcf7-form-control wpcf7-text wpcf7-validates-as-required\" aria-required=\"true\" aria-invalid=\"false\" value=\"\" type=\"text\" name=\"your-subject\" \/><\/span>\n<\/p>\n<p>Your message*\n<\/p>\n<p><span class=\"wpcf7-form-control-wrap\" data-name=\"your-message\"><textarea cols=\"40\" rows=\"8\" maxlength=\"2000\" class=\"wpcf7-form-control wpcf7-textarea\" aria-invalid=\"false\" name=\"your-message\"><\/textarea><\/span>\n<\/p>\n<p>Attach a file<br \/>\n<span class=\"wpcf7-form-control-wrap\" data-name=\"Priloitedatoteku\"><input size=\"40\" class=\"wpcf7-form-control wpcf7-file\" accept=\"audio\/*,video\/*,image\/*\" aria-invalid=\"false\" type=\"file\" name=\"Priloitedatoteku\" \/><\/span>\n<\/p>\n<p><span class=\"wpcf7-form-control-wrap\" data-name=\"acceptance-512\"><span class=\"wpcf7-form-control wpcf7-acceptance optional\"><span class=\"wpcf7-list-item\"><label><input type=\"checkbox\" name=\"acceptance-512\" value=\"1\" aria-invalid=\"false\" \/><span class=\"wpcf7-list-item-label\">I consent to having this website store my submitted information so they can respond to my inquiry.<\/span><\/label><\/span><\/span><\/span>\n<\/p>\n<p><input class=\"wpcf7-form-control wpcf7-submit has-spinner btn btn-accent btn-med btn-round btn-shadow\" type=\"submit\" value=\"Send\" \/>\n<\/p><div class=\"wpcf7-response-output\" aria-hidden=\"true\"><\/div>\n<\/form>\n<\/div>\n[vc_empty_space empty_h=&#8221;2&#8243;][\/vc_column_inner][\/vc_row_inner][\/vc_column][\/vc_row][vc_row][vc_column column_width_percent=&#8221;100&#8243; position_vertical=&#8221;middle&#8221; align_horizontal=&#8221;align_center&#8221; gutter_size=&#8221;3&#8243; overlay_alpha=&#8221;50&#8243; shift_x=&#8221;0&#8243; shift_y=&#8221;0&#8243; shift_y_down=&#8221;0&#8243; z_index=&#8221;0&#8243; medium_width=&#8221;0&#8243; mobile_width=&#8221;0&#8243; width=&#8221;1\/1&#8243;][vc_button button_color=&#8221;color-764752&#8243; size=&#8221;btn-lg&#8221; radius=&#8221;btn-round&#8221; shadow=&#8221;yes&#8221; border_width=&#8221;0&#8243; link=&#8221;url:https%3A%2F%2Fcentar.erf.unizg.hr%2Fen%2Fcontact%2F|title:How%20to%20reach%20us%3F||&#8221;]HOW TO REACH US?[\/vc_button][\/vc_column][\/vc_row]<\/p>\n<\/div>","protected":false},"excerpt":{"rendered":"<p>[vc_row unlock_row_content=&#8221;yes&#8221; row_height_percent=&#8221;0&#8243; override_padding=&#8221;yes&#8221; h_padding=&#8221;0&#8243; top_padding=&#8221;0&#8243; bottom_padding=&#8221;0&#8243; overlay_alpha=&#8221;90&#8243; equal_height=&#8221;yes&#8221; gutter_size=&#8221;0&#8243; column_width_percent=&#8221;100&#8243; shift_y=&#8221;0&#8243; z_index=&#8221;0&#8243; enable_top_divider=&#8221;default&#8221; top_divider_inv=&#8221;curve-asym-opacity&#8221; shape_top_invert=&#8221;yes&#8221; shape_top_h_use_pixel=&#8221;&#8221; shape_top_height=&#8221;150&#8243; shape_top_color=&#8221;color-823704&#8243; shape_top_opacity=&#8221;100&#8243; [&hellip;]<\/p>\n","protected":false},"author":1,"featured_media":85069,"parent":0,"menu_order":0,"comment_status":"closed","ping_status":"closed","template":"","meta":{"footnotes":""},"class_list":["post-84443","page","type-page","status-publish","has-post-thumbnail","hentry"],"yoast_head":"<!-- This site is optimized with the Yoast SEO plugin v27.3 - https:\/\/yoast.com\/product\/yoast-seo-wordpress\/ -->\n<title>How to arrange an appointment?<\/title>\n<meta name=\"robots\" content=\"index, follow, max-snippet:-1, max-image-preview:large, max-video-preview:-1\" \/>\n<link rel=\"canonical\" href=\"https:\/\/centar.erf.unizg.hr\/en\/how-to-arrange-an-appointment\/\" \/>\n<meta property=\"og:locale\" content=\"en_US\" \/>\n<meta property=\"og:type\" content=\"article\" \/>\n<meta property=\"og:title\" content=\"How to arrange an appointment?\" \/>\n<meta property=\"og:description\" content=\"[vc_row unlock_row_content=&#8221;yes&#8221; row_height_percent=&#8221;0&#8243; override_padding=&#8221;yes&#8221; h_padding=&#8221;0&#8243; top_padding=&#8221;0&#8243; bottom_padding=&#8221;0&#8243; overlay_alpha=&#8221;90&#8243; equal_height=&#8221;yes&#8221; gutter_size=&#8221;0&#8243; column_width_percent=&#8221;100&#8243; shift_y=&#8221;0&#8243; z_index=&#8221;0&#8243; enable_top_divider=&#8221;default&#8221; top_divider_inv=&#8221;curve-asym-opacity&#8221; shape_top_invert=&#8221;yes&#8221; shape_top_h_use_pixel=&#8221;&#8221; shape_top_height=&#8221;150&#8243; shape_top_color=&#8221;color-823704&#8243; shape_top_opacity=&#8221;100&#8243; [&hellip;]\" \/>\n<meta property=\"og:url\" content=\"https:\/\/centar.erf.unizg.hr\/en\/how-to-arrange-an-appointment\/\" \/>\n<meta property=\"og:site_name\" content=\"Nastavno-klini\u010dki centar Edukacijsko-rehabilitacijskog fakulteta Sveu\u010dili\u0161ta u Zagrebu\" \/>\n<meta property=\"article:publisher\" content=\"https:\/\/www.facebook.com\/nkcerf\" \/>\n<meta property=\"article:modified_time\" content=\"2020-03-07T20:26:52+00:00\" \/>\n<meta property=\"og:image\" content=\"https:\/\/centar.erf.unizg.hr\/wp-content\/uploads\/2020\/04\/CZR.png\" \/>\n\t<meta property=\"og:image:width\" content=\"472\" \/>\n\t<meta property=\"og:image:height\" content=\"472\" \/>\n\t<meta property=\"og:image:type\" content=\"image\/png\" \/>\n<meta name=\"twitter:card\" content=\"summary_large_image\" \/>\n<meta name=\"twitter:label1\" content=\"Est. reading time\" \/>\n\t<meta name=\"twitter:data1\" content=\"4 minutes\" \/>\n<script type=\"application\/ld+json\" class=\"yoast-schema-graph\">{\"@context\":\"https:\\\/\\\/schema.org\",\"@graph\":[{\"@type\":\"WebPage\",\"@id\":\"https:\\\/\\\/centar.erf.unizg.hr\\\/en\\\/how-to-arrange-an-appointment\\\/\",\"url\":\"https:\\\/\\\/centar.erf.unizg.hr\\\/en\\\/how-to-arrange-an-appointment\\\/\",\"name\":\"How to arrange an appointment?\",\"isPartOf\":{\"@id\":\"https:\\\/\\\/centar.erf.unizg.hr\\\/#website\"},\"primaryImageOfPage\":{\"@id\":\"https:\\\/\\\/centar.erf.unizg.hr\\\/en\\\/how-to-arrange-an-appointment\\\/#primaryimage\"},\"image\":{\"@id\":\"https:\\\/\\\/centar.erf.unizg.hr\\\/en\\\/how-to-arrange-an-appointment\\\/#primaryimage\"},\"thumbnailUrl\":\"https:\\\/\\\/centar.erf.unizg.hr\\\/wp-content\\\/uploads\\\/2020\\\/04\\\/CZR.png\",\"datePublished\":\"2020-03-07T18:46:42+00:00\",\"dateModified\":\"2020-03-07T20:26:52+00:00\",\"breadcrumb\":{\"@id\":\"https:\\\/\\\/centar.erf.unizg.hr\\\/en\\\/how-to-arrange-an-appointment\\\/#breadcrumb\"},\"inLanguage\":\"en-US\",\"potentialAction\":[{\"@type\":\"ReadAction\",\"target\":[\"https:\\\/\\\/centar.erf.unizg.hr\\\/en\\\/how-to-arrange-an-appointment\\\/\"]}]},{\"@type\":\"ImageObject\",\"inLanguage\":\"en-US\",\"@id\":\"https:\\\/\\\/centar.erf.unizg.hr\\\/en\\\/how-to-arrange-an-appointment\\\/#primaryimage\",\"url\":\"https:\\\/\\\/centar.erf.unizg.hr\\\/wp-content\\\/uploads\\\/2020\\\/04\\\/CZR.png\",\"contentUrl\":\"https:\\\/\\\/centar.erf.unizg.hr\\\/wp-content\\\/uploads\\\/2020\\\/04\\\/CZR.png\",\"width\":472,\"height\":472,\"caption\":\"Centar za rehabilitaciju ERF-a\"},{\"@type\":\"BreadcrumbList\",\"@id\":\"https:\\\/\\\/centar.erf.unizg.hr\\\/en\\\/how-to-arrange-an-appointment\\\/#breadcrumb\",\"itemListElement\":[{\"@type\":\"ListItem\",\"position\":1,\"name\":\"Naslovnica\",\"item\":\"https:\\\/\\\/centar.erf.unizg.hr\\\/en\\\/\"},{\"@type\":\"ListItem\",\"position\":2,\"name\":\"How to arrange an appointment?\"}]},{\"@type\":\"WebSite\",\"@id\":\"https:\\\/\\\/centar.erf.unizg.hr\\\/#website\",\"url\":\"https:\\\/\\\/centar.erf.unizg.hr\\\/\",\"name\":\"Nastavno-klini\u010dki centar Edukacijsko-rehabilitacijskog fakulteta\",\"description\":\"Nastavno-klini\u010dki centar ERF-a\",\"publisher\":{\"@id\":\"https:\\\/\\\/centar.erf.unizg.hr\\\/#organization\"},\"alternateName\":\"Nastavno-klini\u010dki centar ERF-a\",\"potentialAction\":[{\"@type\":\"SearchAction\",\"target\":{\"@type\":\"EntryPoint\",\"urlTemplate\":\"https:\\\/\\\/centar.erf.unizg.hr\\\/?s={search_term_string}\"},\"query-input\":{\"@type\":\"PropertyValueSpecification\",\"valueRequired\":true,\"valueName\":\"search_term_string\"}}],\"inLanguage\":\"en-US\"},{\"@type\":\"Organization\",\"@id\":\"https:\\\/\\\/centar.erf.unizg.hr\\\/#organization\",\"name\":\"Nastavno-klini\u010dki centar Edukacijsko-rehabilitacijskog fakulteta Sveu\u010dili\u0161ta u Zagrebu\",\"alternateName\":\"Nastavno-klini\u010dki centar ERF-a\",\"url\":\"https:\\\/\\\/centar.erf.unizg.hr\\\/\",\"logo\":{\"@type\":\"ImageObject\",\"inLanguage\":\"en-US\",\"@id\":\"https:\\\/\\\/centar.erf.unizg.hr\\\/#\\\/schema\\\/logo\\\/image\\\/\",\"url\":\"https:\\\/\\\/centar.erf.unizg.hr\\\/wp-content\\\/uploads\\\/2019\\\/12\\\/CZR-e1576311147972.png\",\"contentUrl\":\"https:\\\/\\\/centar.erf.unizg.hr\\\/wp-content\\\/uploads\\\/2019\\\/12\\\/CZR-e1576311147972.png\",\"width\":50,\"height\":50,\"caption\":\"Nastavno-klini\u010dki centar Edukacijsko-rehabilitacijskog fakulteta Sveu\u010dili\u0161ta u Zagrebu\"},\"image\":{\"@id\":\"https:\\\/\\\/centar.erf.unizg.hr\\\/#\\\/schema\\\/logo\\\/image\\\/\"},\"sameAs\":[\"https:\\\/\\\/www.facebook.com\\\/nkcerf\"]}]}<\/script>\n<!-- \/ Yoast SEO plugin. -->","yoast_head_json":{"title":"How to arrange an appointment?","robots":{"index":"index","follow":"follow","max-snippet":"max-snippet:-1","max-image-preview":"max-image-preview:large","max-video-preview":"max-video-preview:-1"},"canonical":"https:\/\/centar.erf.unizg.hr\/en\/how-to-arrange-an-appointment\/","og_locale":"en_US","og_type":"article","og_title":"How to arrange an appointment?","og_description":"[vc_row unlock_row_content=&#8221;yes&#8221; row_height_percent=&#8221;0&#8243; override_padding=&#8221;yes&#8221; h_padding=&#8221;0&#8243; top_padding=&#8221;0&#8243; bottom_padding=&#8221;0&#8243; overlay_alpha=&#8221;90&#8243; equal_height=&#8221;yes&#8221; gutter_size=&#8221;0&#8243; column_width_percent=&#8221;100&#8243; shift_y=&#8221;0&#8243; z_index=&#8221;0&#8243; enable_top_divider=&#8221;default&#8221; top_divider_inv=&#8221;curve-asym-opacity&#8221; shape_top_invert=&#8221;yes&#8221; shape_top_h_use_pixel=&#8221;&#8221; shape_top_height=&#8221;150&#8243; shape_top_color=&#8221;color-823704&#8243; shape_top_opacity=&#8221;100&#8243; [&hellip;]","og_url":"https:\/\/centar.erf.unizg.hr\/en\/how-to-arrange-an-appointment\/","og_site_name":"Nastavno-klini\u010dki centar Edukacijsko-rehabilitacijskog fakulteta Sveu\u010dili\u0161ta u Zagrebu","article_publisher":"https:\/\/www.facebook.com\/nkcerf","article_modified_time":"2020-03-07T20:26:52+00:00","og_image":[{"width":472,"height":472,"url":"https:\/\/centar.erf.unizg.hr\/wp-content\/uploads\/2020\/04\/CZR.png","type":"image\/png"}],"twitter_card":"summary_large_image","twitter_misc":{"Est. reading time":"4 minutes"},"schema":{"@context":"https:\/\/schema.org","@graph":[{"@type":"WebPage","@id":"https:\/\/centar.erf.unizg.hr\/en\/how-to-arrange-an-appointment\/","url":"https:\/\/centar.erf.unizg.hr\/en\/how-to-arrange-an-appointment\/","name":"How to arrange an appointment?","isPartOf":{"@id":"https:\/\/centar.erf.unizg.hr\/#website"},"primaryImageOfPage":{"@id":"https:\/\/centar.erf.unizg.hr\/en\/how-to-arrange-an-appointment\/#primaryimage"},"image":{"@id":"https:\/\/centar.erf.unizg.hr\/en\/how-to-arrange-an-appointment\/#primaryimage"},"thumbnailUrl":"https:\/\/centar.erf.unizg.hr\/wp-content\/uploads\/2020\/04\/CZR.png","datePublished":"2020-03-07T18:46:42+00:00","dateModified":"2020-03-07T20:26:52+00:00","breadcrumb":{"@id":"https:\/\/centar.erf.unizg.hr\/en\/how-to-arrange-an-appointment\/#breadcrumb"},"inLanguage":"en-US","potentialAction":[{"@type":"ReadAction","target":["https:\/\/centar.erf.unizg.hr\/en\/how-to-arrange-an-appointment\/"]}]},{"@type":"ImageObject","inLanguage":"en-US","@id":"https:\/\/centar.erf.unizg.hr\/en\/how-to-arrange-an-appointment\/#primaryimage","url":"https:\/\/centar.erf.unizg.hr\/wp-content\/uploads\/2020\/04\/CZR.png","contentUrl":"https:\/\/centar.erf.unizg.hr\/wp-content\/uploads\/2020\/04\/CZR.png","width":472,"height":472,"caption":"Centar za rehabilitaciju ERF-a"},{"@type":"BreadcrumbList","@id":"https:\/\/centar.erf.unizg.hr\/en\/how-to-arrange-an-appointment\/#breadcrumb","itemListElement":[{"@type":"ListItem","position":1,"name":"Naslovnica","item":"https:\/\/centar.erf.unizg.hr\/en\/"},{"@type":"ListItem","position":2,"name":"How to arrange an appointment?"}]},{"@type":"WebSite","@id":"https:\/\/centar.erf.unizg.hr\/#website","url":"https:\/\/centar.erf.unizg.hr\/","name":"Nastavno-klini\u010dki centar Edukacijsko-rehabilitacijskog fakulteta","description":"Nastavno-klini\u010dki centar ERF-a","publisher":{"@id":"https:\/\/centar.erf.unizg.hr\/#organization"},"alternateName":"Nastavno-klini\u010dki centar ERF-a","potentialAction":[{"@type":"SearchAction","target":{"@type":"EntryPoint","urlTemplate":"https:\/\/centar.erf.unizg.hr\/?s={search_term_string}"},"query-input":{"@type":"PropertyValueSpecification","valueRequired":true,"valueName":"search_term_string"}}],"inLanguage":"en-US"},{"@type":"Organization","@id":"https:\/\/centar.erf.unizg.hr\/#organization","name":"Nastavno-klini\u010dki centar Edukacijsko-rehabilitacijskog fakulteta Sveu\u010dili\u0161ta u Zagrebu","alternateName":"Nastavno-klini\u010dki centar ERF-a","url":"https:\/\/centar.erf.unizg.hr\/","logo":{"@type":"ImageObject","inLanguage":"en-US","@id":"https:\/\/centar.erf.unizg.hr\/#\/schema\/logo\/image\/","url":"https:\/\/centar.erf.unizg.hr\/wp-content\/uploads\/2019\/12\/CZR-e1576311147972.png","contentUrl":"https:\/\/centar.erf.unizg.hr\/wp-content\/uploads\/2019\/12\/CZR-e1576311147972.png","width":50,"height":50,"caption":"Nastavno-klini\u010dki centar Edukacijsko-rehabilitacijskog fakulteta Sveu\u010dili\u0161ta u Zagrebu"},"image":{"@id":"https:\/\/centar.erf.unizg.hr\/#\/schema\/logo\/image\/"},"sameAs":["https:\/\/www.facebook.com\/nkcerf"]}]}},"_links":{"self":[{"href":"https:\/\/centar.erf.unizg.hr\/en\/wp-json\/wp\/v2\/pages\/84443","targetHints":{"allow":["GET"]}}],"collection":[{"href":"https:\/\/centar.erf.unizg.hr\/en\/wp-json\/wp\/v2\/pages"}],"about":[{"href":"https:\/\/centar.erf.unizg.hr\/en\/wp-json\/wp\/v2\/types\/page"}],"author":[{"embeddable":true,"href":"https:\/\/centar.erf.unizg.hr\/en\/wp-json\/wp\/v2\/users\/1"}],"replies":[{"embeddable":true,"href":"https:\/\/centar.erf.unizg.hr\/en\/wp-json\/wp\/v2\/comments?post=84443"}],"version-history":[{"count":7,"href":"https:\/\/centar.erf.unizg.hr\/en\/wp-json\/wp\/v2\/pages\/84443\/revisions"}],"predecessor-version":[{"id":84484,"href":"https:\/\/centar.erf.unizg.hr\/en\/wp-json\/wp\/v2\/pages\/84443\/revisions\/84484"}],"wp:featuredmedia":[{"embeddable":true,"href":"https:\/\/centar.erf.unizg.hr\/en\/wp-json\/wp\/v2\/media\/85069"}],"wp:attachment":[{"href":"https:\/\/centar.erf.unizg.hr\/en\/wp-json\/wp\/v2\/media?parent=84443"}],"curies":[{"name":"wp","href":"https:\/\/api.w.org\/{rel}","templated":true}]}}