{"id":84247,"date":"2020-03-07T16:14:07","date_gmt":"2020-03-07T15:14:07","guid":{"rendered":"https:\/\/centar.erf.unizg.hr\/?page_id=84247"},"modified":"2020-04-30T17:44:16","modified_gmt":"2020-04-30T16:44:16","slug":"home","status":"publish","type":"page","link":"https:\/\/centar.erf.unizg.hr\/en\/","title":{"rendered":"Home"},"content":{"rendered":"<div class=\"wpb-content-wrapper\"><p>[vc_row row_height_percent=&#8221;0&#8243; override_padding=&#8221;yes&#8221; h_padding=&#8221;4&#8243; top_padding=&#8221;3&#8243; bottom_padding=&#8221;3&#8243; back_color=&#8221;color-699218&#8243; overlay_alpha=&#8221;0&#8243; gutter_size=&#8221;100&#8243; column_width_percent=&#8221;100&#8243; shift_y=&#8221;0&#8243; z_index=&#8221;0&#8243; enable_top_divider=&#8221;default&#8221; top_divider_inv=&#8221;curve-asym-opacity&#8221; shape_top_invert=&#8221;yes&#8221; shape_top_h_use_pixel=&#8221;&#8221; shape_top_height=&#8221;150&#8243; shape_top_color=&#8221;color-140018&#8243; shape_top_opacity=&#8221;100&#8243; shape_top_index=&#8221;0&#8243; enable_bottom_divider=&#8221;default&#8221; bottom_divider_inv=&#8221;curve-asym-opacity&#8221; shape_bottom_invert=&#8221;yes&#8221; shape_bottom_flip=&#8221;yes&#8221; shape_bottom_h_use_pixel=&#8221;&#8221; shape_bottom_height=&#8221;150&#8243; shape_bottom_opacity=&#8221;100&#8243; shape_bottom_index=&#8221;0&#8243; mobile_visibility=&#8221;yes&#8221; style=&#8221;inherited&#8221;][vc_column column_width_percent=&#8221;80&#8243; position_vertical=&#8221;middle&#8221; align_horizontal=&#8221;align_center&#8221; gutter_size=&#8221;4&#8243; overlay_alpha=&#8221;100&#8243; shift_x=&#8221;0&#8243; shift_y=&#8221;0&#8243; shift_y_down=&#8221;0&#8243; z_index=&#8221;0&#8243; medium_width=&#8221;0&#8243; mobile_width=&#8221;0&#8243; zoom_width=&#8221;0&#8243; zoom_height=&#8221;0&#8243; width=&#8221;1\/1&#8243;][vc_custom_heading text_size=&#8221;h4&#8243; text_color=&#8221;color-wvjs&#8221; mobile_visibility=&#8221;yes&#8221;]The Center for Rehabilitation operates within the Faculty of Education and Rehabilitation Sciences as a clinical unit and learning basis for the students.[\/vc_custom_heading][\/vc_column][\/vc_row][vc_row unlock_row_content=&#8221;yes&#8221; row_height_percent=&#8221;100&#8243; overlay_alpha=&#8221;50&#8243; gutter_size=&#8221;3&#8243; column_width_percent=&#8221;100&#8243; shift_y=&#8221;0&#8243; z_index=&#8221;0&#8243;][vc_column column_width_percent=&#8221;95&#8243; gutter_size=&#8221;3&#8243; overlay_alpha=&#8221;50&#8243; shift_x=&#8221;0&#8243; shift_y=&#8221;0&#8243; shift_y_down=&#8221;0&#8243; z_index=&#8221;0&#8243; medium_width=&#8221;0&#8243; mobile_width=&#8221;0&#8243; width=&#8221;1\/1&#8243;][vc_row_inner row_inner_height_percent=&#8221;0&#8243; overlay_alpha=&#8221;50&#8243; gutter_size=&#8221;3&#8243; shift_y=&#8221;0&#8243; z_index=&#8221;0&#8243; limit_content=&#8221;&#8221;][vc_column_inner column_width_percent=&#8221;100&#8243; gutter_size=&#8221;3&#8243; overlay_alpha=&#8221;50&#8243; shift_x=&#8221;0&#8243; shift_y=&#8221;0&#8243; shift_y_down=&#8221;0&#8243; z_index=&#8221;0&#8243; medium_width=&#8221;0&#8243; mobile_width=&#8221;0&#8243; width=&#8221;1\/3&#8243;][vc_single_image media=&#8221;83378&#8243; media_width_percent=&#8221;100&#8243; media_ratio=&#8221;three-four&#8221; advanced=&#8221;yes&#8221; media_items=&#8221;media|original,title&#8221; media_overlay_color=&#8221;color-140018&#8243; media_overlay_opacity=&#8221;75&#8243; media_text_visible=&#8221;yes&#8221; media_overlay_anim=&#8221;no&#8221; media_text_anim=&#8221;no&#8221; media_overlay_visible=&#8221;yes&#8221; single_image_anim_move=&#8221;yes&#8221; media_h_align=&#8221;center&#8221; media_padding=&#8221;3&#8243; media_title_dimension=&#8221;h3&#8243; media_title_custom=&#8221;ABOUT US&#8221; media_link=&#8221;url:https%3A%2F%2Fcentar.erf.unizg.hr%2Fen%2Fabout-us%2F|title:About%20Us||&#8221; media_subtitle_custom=&#8221;Tagline&#8221;][\/vc_column_inner][vc_column_inner width=&#8221;1\/3&#8243;][vc_single_image media=&#8221;83750&#8243; media_width_percent=&#8221;100&#8243; media_ratio=&#8221;three-four&#8221; advanced=&#8221;yes&#8221; media_items=&#8221;media|original,title&#8221; media_overlay_color=&#8221;color-823704&#8243; media_overlay_opacity=&#8221;75&#8243; media_text_visible=&#8221;yes&#8221; media_overlay_anim=&#8221;no&#8221; media_text_anim=&#8221;no&#8221; media_overlay_visible=&#8221;yes&#8221; single_image_anim_move=&#8221;yes&#8221; media_h_align=&#8221;center&#8221; media_padding=&#8221;3&#8243; media_title_dimension=&#8221;h3&#8243; media_title_custom=&#8221;HOW TO ARRANGE AN APPOINTMENT?&#8221; media_link=&#8221;url:https%3A%2F%2Fcentar.erf.unizg.hr%2Fen%2Fhow-to-arrange-an-appointment%2F|title:HOW%20TO%20ARRANGE%20AN%20APPOINTMENT%3F||&#8221; media_subtitle_custom=&#8221;Tagline&#8221;][\/vc_column_inner][vc_column_inner width=&#8221;1\/3&#8243;][vc_single_image media=&#8221;83751&#8243; media_width_percent=&#8221;100&#8243; media_ratio=&#8221;three-four&#8221; advanced=&#8221;yes&#8221; media_items=&#8221;media|original,title&#8221; media_overlay_color=&#8221;color-652322&#8243; media_overlay_opacity=&#8221;75&#8243; media_text_visible=&#8221;yes&#8221; media_overlay_anim=&#8221;no&#8221; media_text_anim=&#8221;no&#8221; media_overlay_visible=&#8221;yes&#8221; single_image_anim_move=&#8221;yes&#8221; media_h_align=&#8221;center&#8221; media_padding=&#8221;3&#8243; media_title_dimension=&#8221;h3&#8243; media_title_custom=&#8221;CONTACT&#8221; media_link=&#8221;url:https%3A%2F%2Fcentar.erf.unizg.hr%2Fen%2Fcontact%2F|title:Contact||&#8221; media_subtitle_custom=&#8221;Tagline&#8221;][\/vc_column_inner][\/vc_row_inner][\/vc_column][\/vc_row][vc_row row_height_percent=&#8221;0&#8243; override_padding=&#8221;yes&#8221; h_padding=&#8221;2&#8243; top_padding=&#8221;5&#8243; bottom_padding=&#8221;5&#8243; overlay_alpha=&#8221;50&#8243; gutter_size=&#8221;3&#8243; column_width_percent=&#8221;100&#8243; shift_y=&#8221;0&#8243; z_index=&#8221;0&#8243;][vc_column column_width_percent=&#8221;100&#8243; align_horizontal=&#8221;align_center&#8221; gutter_size=&#8221;3&#8243; overlay_alpha=&#8221;50&#8243; shift_x=&#8221;0&#8243; shift_y=&#8221;0&#8243; shift_y_down=&#8221;0&#8243; z_index=&#8221;0&#8243; medium_width=&#8221;0&#8243; mobile_width=&#8221;0&#8243; width=&#8221;1\/1&#8243;][vc_row_inner limit_content=&#8221;&#8221;][vc_column_inner column_width_percent=&#8221;100&#8243; align_horizontal=&#8221;align_center&#8221; gutter_size=&#8221;2&#8243; overlay_alpha=&#8221;50&#8243; shift_x=&#8221;0&#8243; shift_y=&#8221;0&#8243; shift_y_down=&#8221;0&#8243; z_index=&#8221;0&#8243; medium_width=&#8221;0&#8243; mobile_width=&#8221;0&#8243; width=&#8221;1\/1&#8243;][vc_custom_heading text_font=&#8221;font-762333&#8243; text_transform=&#8221;uppercase&#8221; text_color=&#8221;color-764752&#8243; sub_lead=&#8221;yes&#8221; sub_reduced=&#8221;yes&#8221; subheading=&#8221;Center for Rehabilitation is situated at Campus Borongaj which is a former military complex.&#8221;]OUR LOCATION[\/vc_custom_heading][vc_raw_html]JTNDaWZyYW1lJTIwc3JjJTNEJTIyaHR0cHMlM0ElMkYlMkZ3d3cuZ29vZ2xlLmNvbSUyRm1hcHMlMkZkJTJGZW1iZWQlM0ZtaWQlM0Qxc1JlSW56NzNpUHhKdTViSnU4c0VOZE5pOFJJJTI2aGwlM0RlbiUyMiUyMHdpZHRoJTNEJTIyNjQwJTIyJTIwaGVpZ2h0JTNEJTIyNDgwJTIyJTNFJTNDJTJGaWZyYW1lJTNF[\/vc_raw_html][\/vc_column_inner][\/vc_row_inner][vc_empty_space empty_h=&#8221;0&#8243;][vc_row_inner limit_content=&#8221;&#8221;][vc_column_inner column_width_percent=&#8221;100&#8243; position_vertical=&#8221;middle&#8221; align_horizontal=&#8221;align_center&#8221; gutter_size=&#8221;3&#8243; overlay_alpha=&#8221;50&#8243; shift_x=&#8221;0&#8243; shift_y=&#8221;0&#8243; shift_y_down=&#8221;0&#8243; z_index=&#8221;0&#8243; medium_width=&#8221;0&#8243; mobile_width=&#8221;0&#8243; width=&#8221;1\/1&#8243;][vc_button button_color=&#8221;color-764752&#8243; size=&#8221;btn-lg&#8221; radius=&#8221;btn-round&#8221; hover_fx=&#8221;full-colored&#8221; shadow=&#8221;yes&#8221; shadow_weight=&#8221;sm&#8221; custom_typo=&#8221;yes&#8221; font_family=&#8221;font-762333&#8243; font_weight=&#8221;100&#8243; letter_spacing=&#8221;fontspace-210350&#8243; border_width=&#8221;0&#8243; link=&#8221;url:https%3A%2F%2Fcentar.erf.unizg.hr%2Fen%2Fcontact%2F|title:Kontakt||&#8221;]CONTACT[\/vc_button][\/vc_column_inner][\/vc_row_inner][vc_row_inner limit_content=&#8221;&#8221;][vc_column_inner column_width_percent=&#8221;100&#8243; align_horizontal=&#8221;align_center&#8221; gutter_size=&#8221;3&#8243; overlay_alpha=&#8221;50&#8243; shift_x=&#8221;0&#8243; shift_y=&#8221;0&#8243; shift_y_down=&#8221;0&#8243; z_index=&#8221;0&#8243; medium_width=&#8221;0&#8243; align_mobile=&#8221;align_center_mobile&#8221; mobile_width=&#8221;0&#8243; width=&#8221;1\/3&#8243;][vc_icon icon=&#8221;fa fa-phone2&#8243; size=&#8221;fa-3x&#8221; text_size=&#8221;h6&#8243; text_reduced=&#8221;yes&#8221; title=&#8221;Tel: +385 1 245 7560&#8243;]<\/p>\n<ul>\n<li><span class=\"font-377884\">Monday and Thursday: 3pm &#8211; 5pm<\/span><\/li>\n<li><span class=\"font-377884\">Tuesday, Wednesday and\u00a0 Friday: 8am &#8211; 10am<\/span><\/li>\n<\/ul>\n<p>[\/vc_icon][\/vc_column_inner][vc_column_inner column_width_percent=&#8221;100&#8243; align_horizontal=&#8221;align_center&#8221; gutter_size=&#8221;3&#8243; overlay_alpha=&#8221;50&#8243; shift_x=&#8221;0&#8243; shift_y=&#8221;0&#8243; shift_y_down=&#8221;0&#8243; z_index=&#8221;0&#8243; medium_width=&#8221;0&#8243; mobile_width=&#8221;0&#8243; width=&#8221;1\/3&#8243;][vc_icon icon=&#8221;fa fa-envelope2&#8243; size=&#8221;fa-3x&#8221; text_size=&#8221;h6&#8243; link=&#8221;|||&#8221;]<strong><a href=\"mailto:centar.info@erf.hr\">centar.info@erf.hr<\/a><\/strong>[\/vc_icon][\/vc_column_inner][vc_column_inner column_width_percent=&#8221;100&#8243; align_horizontal=&#8221;align_center&#8221; gutter_size=&#8221;3&#8243; overlay_alpha=&#8221;50&#8243; shift_x=&#8221;0&#8243; shift_y=&#8221;0&#8243; shift_y_down=&#8221;0&#8243; z_index=&#8221;0&#8243; medium_width=&#8221;0&#8243; mobile_width=&#8221;0&#8243; width=&#8221;1\/3&#8243;][vc_icon icon=&#8221;fa fa-map-pin&#8221; size=&#8221;fa-3x&#8221; text_size=&#8221;h6&#8243; title=&#8221;Borongajska cesta 83f, Zagreb&#8221;][\/vc_icon][\/vc_column_inner][\/vc_row_inner][\/vc_column][\/vc_row]<\/p>\n<\/div>","protected":false},"excerpt":{"rendered":"<p>[vc_row row_height_percent=&#8221;0&#8243; override_padding=&#8221;yes&#8221; h_padding=&#8221;4&#8243; top_padding=&#8221;3&#8243; bottom_padding=&#8221;3&#8243; back_color=&#8221;color-699218&#8243; overlay_alpha=&#8221;0&#8243; gutter_size=&#8221;100&#8243; column_width_percent=&#8221;100&#8243; shift_y=&#8221;0&#8243; z_index=&#8221;0&#8243; enable_top_divider=&#8221;default&#8221; top_divider_inv=&#8221;curve-asym-opacity&#8221; shape_top_invert=&#8221;yes&#8221; shape_top_h_use_pixel=&#8221;&#8221; shape_top_height=&#8221;150&#8243; shape_top_color=&#8221;color-140018&#8243; shape_top_opacity=&#8221;100&#8243; shape_top_index=&#8221;0&#8243; [&hellip;]<\/p>\n","protected":false},"author":1,"featured_media":85069,"parent":0,"menu_order":0,"comment_status":"closed","ping_status":"closed","template":"","meta":{"footnotes":""},"class_list":["post-84247","page","type-page","status-publish","has-post-thumbnail","hentry"],"yoast_head":"<!-- This site is optimized with the Yoast SEO plugin v27.3 - https:\/\/yoast.com\/product\/yoast-seo-wordpress\/ -->\n<title>Center for Rehabilitation - ERF - University of Zagreb<\/title>\n<meta name=\"description\" content=\"The Center for Rehabilitation operates within the Faculty of Education and Rehabilitation Sciences as a clinical unit and learning basis for the students.\" \/>\n<meta name=\"robots\" content=\"index, follow, max-snippet:-1, max-image-preview:large, max-video-preview:-1\" \/>\n<link rel=\"canonical\" href=\"https:\/\/centar.erf.unizg.hr\/en\/\" \/>\n<meta property=\"og:locale\" content=\"en_US\" \/>\n<meta property=\"og:type\" content=\"article\" \/>\n<meta property=\"og:title\" content=\"Center for Rehabilitation - ERF - University of Zagreb\" \/>\n<meta property=\"og:description\" content=\"The Center for Rehabilitation operates within the Faculty of Education and Rehabilitation Sciences as a clinical unit and learning basis for the students.\" \/>\n<meta property=\"og:url\" content=\"https:\/\/centar.erf.unizg.hr\/en\/\" \/>\n<meta property=\"og:site_name\" content=\"Nastavno-klini\u010dki centar Edukacijsko-rehabilitacijskog fakulteta Sveu\u010dili\u0161ta u Zagrebu\" \/>\n<meta property=\"article:publisher\" content=\"https:\/\/www.facebook.com\/nkcerf\" \/>\n<meta property=\"article:modified_time\" content=\"2020-04-30T16:44:16+00:00\" \/>\n<meta property=\"og:image\" content=\"https:\/\/centar.erf.unizg.hr\/wp-content\/uploads\/2020\/04\/CZR.png\" \/>\n\t<meta property=\"og:image:width\" content=\"472\" \/>\n\t<meta property=\"og:image:height\" content=\"472\" \/>\n\t<meta property=\"og:image:type\" content=\"image\/png\" \/>\n<meta name=\"twitter:card\" content=\"summary_large_image\" \/>\n<meta name=\"twitter:label1\" content=\"Est. reading time\" \/>\n\t<meta name=\"twitter:data1\" content=\"5 minutes\" \/>\n<script type=\"application\/ld+json\" class=\"yoast-schema-graph\">{\"@context\":\"https:\\\/\\\/schema.org\",\"@graph\":[{\"@type\":\"WebPage\",\"@id\":\"https:\\\/\\\/centar.erf.unizg.hr\\\/en\\\/\",\"url\":\"https:\\\/\\\/centar.erf.unizg.hr\\\/en\\\/\",\"name\":\"Center for Rehabilitation - ERF - University of Zagreb\",\"isPartOf\":{\"@id\":\"https:\\\/\\\/centar.erf.unizg.hr\\\/#website\"},\"primaryImageOfPage\":{\"@id\":\"https:\\\/\\\/centar.erf.unizg.hr\\\/en\\\/#primaryimage\"},\"image\":{\"@id\":\"https:\\\/\\\/centar.erf.unizg.hr\\\/en\\\/#primaryimage\"},\"thumbnailUrl\":\"https:\\\/\\\/centar.erf.unizg.hr\\\/wp-content\\\/uploads\\\/2020\\\/04\\\/CZR.png\",\"datePublished\":\"2020-03-07T15:14:07+00:00\",\"dateModified\":\"2020-04-30T16:44:16+00:00\",\"description\":\"The Center for Rehabilitation operates within the Faculty of Education and Rehabilitation Sciences as a clinical unit and learning basis for the students.\",\"breadcrumb\":{\"@id\":\"https:\\\/\\\/centar.erf.unizg.hr\\\/en\\\/#breadcrumb\"},\"inLanguage\":\"en-US\",\"potentialAction\":[{\"@type\":\"ReadAction\",\"target\":[\"https:\\\/\\\/centar.erf.unizg.hr\\\/en\\\/\"]}]},{\"@type\":\"ImageObject\",\"inLanguage\":\"en-US\",\"@id\":\"https:\\\/\\\/centar.erf.unizg.hr\\\/en\\\/#primaryimage\",\"url\":\"https:\\\/\\\/centar.erf.unizg.hr\\\/wp-content\\\/uploads\\\/2020\\\/04\\\/CZR.png\",\"contentUrl\":\"https:\\\/\\\/centar.erf.unizg.hr\\\/wp-content\\\/uploads\\\/2020\\\/04\\\/CZR.png\",\"width\":472,\"height\":472,\"caption\":\"Centar za rehabilitaciju ERF-a\"},{\"@type\":\"BreadcrumbList\",\"@id\":\"https:\\\/\\\/centar.erf.unizg.hr\\\/en\\\/#breadcrumb\",\"itemListElement\":[{\"@type\":\"ListItem\",\"position\":1,\"name\":\"Naslovnica\",\"item\":\"https:\\\/\\\/centar.erf.unizg.hr\\\/en\\\/\"},{\"@type\":\"ListItem\",\"position\":2,\"name\":\"Home\"}]},{\"@type\":\"WebSite\",\"@id\":\"https:\\\/\\\/centar.erf.unizg.hr\\\/#website\",\"url\":\"https:\\\/\\\/centar.erf.unizg.hr\\\/\",\"name\":\"Nastavno-klini\u010dki centar Edukacijsko-rehabilitacijskog fakulteta\",\"description\":\"Nastavno-klini\u010dki centar ERF-a\",\"publisher\":{\"@id\":\"https:\\\/\\\/centar.erf.unizg.hr\\\/#organization\"},\"alternateName\":\"Nastavno-klini\u010dki centar ERF-a\",\"potentialAction\":[{\"@type\":\"SearchAction\",\"target\":{\"@type\":\"EntryPoint\",\"urlTemplate\":\"https:\\\/\\\/centar.erf.unizg.hr\\\/?s={search_term_string}\"},\"query-input\":{\"@type\":\"PropertyValueSpecification\",\"valueRequired\":true,\"valueName\":\"search_term_string\"}}],\"inLanguage\":\"en-US\"},{\"@type\":\"Organization\",\"@id\":\"https:\\\/\\\/centar.erf.unizg.hr\\\/#organization\",\"name\":\"Nastavno-klini\u010dki centar Edukacijsko-rehabilitacijskog fakulteta Sveu\u010dili\u0161ta u Zagrebu\",\"alternateName\":\"Nastavno-klini\u010dki centar ERF-a\",\"url\":\"https:\\\/\\\/centar.erf.unizg.hr\\\/\",\"logo\":{\"@type\":\"ImageObject\",\"inLanguage\":\"en-US\",\"@id\":\"https:\\\/\\\/centar.erf.unizg.hr\\\/#\\\/schema\\\/logo\\\/image\\\/\",\"url\":\"https:\\\/\\\/centar.erf.unizg.hr\\\/wp-content\\\/uploads\\\/2019\\\/12\\\/CZR-e1576311147972.png\",\"contentUrl\":\"https:\\\/\\\/centar.erf.unizg.hr\\\/wp-content\\\/uploads\\\/2019\\\/12\\\/CZR-e1576311147972.png\",\"width\":50,\"height\":50,\"caption\":\"Nastavno-klini\u010dki centar Edukacijsko-rehabilitacijskog fakulteta Sveu\u010dili\u0161ta u Zagrebu\"},\"image\":{\"@id\":\"https:\\\/\\\/centar.erf.unizg.hr\\\/#\\\/schema\\\/logo\\\/image\\\/\"},\"sameAs\":[\"https:\\\/\\\/www.facebook.com\\\/nkcerf\"]}]}<\/script>\n<!-- \/ Yoast SEO plugin. -->","yoast_head_json":{"title":"Center for Rehabilitation - ERF - University of Zagreb","description":"The Center for Rehabilitation operates within the Faculty of Education and Rehabilitation Sciences as a clinical unit and learning basis for the students.","robots":{"index":"index","follow":"follow","max-snippet":"max-snippet:-1","max-image-preview":"max-image-preview:large","max-video-preview":"max-video-preview:-1"},"canonical":"https:\/\/centar.erf.unizg.hr\/en\/","og_locale":"en_US","og_type":"article","og_title":"Center for Rehabilitation - ERF - University of Zagreb","og_description":"The Center for Rehabilitation operates within the Faculty of Education and Rehabilitation Sciences as a clinical unit and learning basis for the students.","og_url":"https:\/\/centar.erf.unizg.hr\/en\/","og_site_name":"Nastavno-klini\u010dki centar Edukacijsko-rehabilitacijskog fakulteta Sveu\u010dili\u0161ta u Zagrebu","article_publisher":"https:\/\/www.facebook.com\/nkcerf","article_modified_time":"2020-04-30T16:44:16+00:00","og_image":[{"width":472,"height":472,"url":"https:\/\/centar.erf.unizg.hr\/wp-content\/uploads\/2020\/04\/CZR.png","type":"image\/png"}],"twitter_card":"summary_large_image","twitter_misc":{"Est. reading time":"5 minutes"},"schema":{"@context":"https:\/\/schema.org","@graph":[{"@type":"WebPage","@id":"https:\/\/centar.erf.unizg.hr\/en\/","url":"https:\/\/centar.erf.unizg.hr\/en\/","name":"Center for Rehabilitation - ERF - University of Zagreb","isPartOf":{"@id":"https:\/\/centar.erf.unizg.hr\/#website"},"primaryImageOfPage":{"@id":"https:\/\/centar.erf.unizg.hr\/en\/#primaryimage"},"image":{"@id":"https:\/\/centar.erf.unizg.hr\/en\/#primaryimage"},"thumbnailUrl":"https:\/\/centar.erf.unizg.hr\/wp-content\/uploads\/2020\/04\/CZR.png","datePublished":"2020-03-07T15:14:07+00:00","dateModified":"2020-04-30T16:44:16+00:00","description":"The Center for Rehabilitation operates within the Faculty of Education and Rehabilitation Sciences as a clinical unit and learning basis for the students.","breadcrumb":{"@id":"https:\/\/centar.erf.unizg.hr\/en\/#breadcrumb"},"inLanguage":"en-US","potentialAction":[{"@type":"ReadAction","target":["https:\/\/centar.erf.unizg.hr\/en\/"]}]},{"@type":"ImageObject","inLanguage":"en-US","@id":"https:\/\/centar.erf.unizg.hr\/en\/#primaryimage","url":"https:\/\/centar.erf.unizg.hr\/wp-content\/uploads\/2020\/04\/CZR.png","contentUrl":"https:\/\/centar.erf.unizg.hr\/wp-content\/uploads\/2020\/04\/CZR.png","width":472,"height":472,"caption":"Centar za rehabilitaciju ERF-a"},{"@type":"BreadcrumbList","@id":"https:\/\/centar.erf.unizg.hr\/en\/#breadcrumb","itemListElement":[{"@type":"ListItem","position":1,"name":"Naslovnica","item":"https:\/\/centar.erf.unizg.hr\/en\/"},{"@type":"ListItem","position":2,"name":"Home"}]},{"@type":"WebSite","@id":"https:\/\/centar.erf.unizg.hr\/#website","url":"https:\/\/centar.erf.unizg.hr\/","name":"Nastavno-klini\u010dki centar Edukacijsko-rehabilitacijskog fakulteta","description":"Nastavno-klini\u010dki centar ERF-a","publisher":{"@id":"https:\/\/centar.erf.unizg.hr\/#organization"},"alternateName":"Nastavno-klini\u010dki centar ERF-a","potentialAction":[{"@type":"SearchAction","target":{"@type":"EntryPoint","urlTemplate":"https:\/\/centar.erf.unizg.hr\/?s={search_term_string}"},"query-input":{"@type":"PropertyValueSpecification","valueRequired":true,"valueName":"search_term_string"}}],"inLanguage":"en-US"},{"@type":"Organization","@id":"https:\/\/centar.erf.unizg.hr\/#organization","name":"Nastavno-klini\u010dki centar Edukacijsko-rehabilitacijskog fakulteta Sveu\u010dili\u0161ta u Zagrebu","alternateName":"Nastavno-klini\u010dki centar ERF-a","url":"https:\/\/centar.erf.unizg.hr\/","logo":{"@type":"ImageObject","inLanguage":"en-US","@id":"https:\/\/centar.erf.unizg.hr\/#\/schema\/logo\/image\/","url":"https:\/\/centar.erf.unizg.hr\/wp-content\/uploads\/2019\/12\/CZR-e1576311147972.png","contentUrl":"https:\/\/centar.erf.unizg.hr\/wp-content\/uploads\/2019\/12\/CZR-e1576311147972.png","width":50,"height":50,"caption":"Nastavno-klini\u010dki centar Edukacijsko-rehabilitacijskog fakulteta Sveu\u010dili\u0161ta u Zagrebu"},"image":{"@id":"https:\/\/centar.erf.unizg.hr\/#\/schema\/logo\/image\/"},"sameAs":["https:\/\/www.facebook.com\/nkcerf"]}]}},"_links":{"self":[{"href":"https:\/\/centar.erf.unizg.hr\/en\/wp-json\/wp\/v2\/pages\/84247","targetHints":{"allow":["GET"]}}],"collection":[{"href":"https:\/\/centar.erf.unizg.hr\/en\/wp-json\/wp\/v2\/pages"}],"about":[{"href":"https:\/\/centar.erf.unizg.hr\/en\/wp-json\/wp\/v2\/types\/page"}],"author":[{"embeddable":true,"href":"https:\/\/centar.erf.unizg.hr\/en\/wp-json\/wp\/v2\/users\/1"}],"replies":[{"embeddable":true,"href":"https:\/\/centar.erf.unizg.hr\/en\/wp-json\/wp\/v2\/comments?post=84247"}],"version-history":[{"count":14,"href":"https:\/\/centar.erf.unizg.hr\/en\/wp-json\/wp\/v2\/pages\/84247\/revisions"}],"predecessor-version":[{"id":84425,"href":"https:\/\/centar.erf.unizg.hr\/en\/wp-json\/wp\/v2\/pages\/84247\/revisions\/84425"}],"wp:featuredmedia":[{"embeddable":true,"href":"https:\/\/centar.erf.unizg.hr\/en\/wp-json\/wp\/v2\/media\/85069"}],"wp:attachment":[{"href":"https:\/\/centar.erf.unizg.hr\/en\/wp-json\/wp\/v2\/media?parent=84247"}],"curies":[{"name":"wp","href":"https:\/\/api.w.org\/{rel}","templated":true}]}}